{"id":5599,"date":"2025-05-08T14:42:29","date_gmt":"2025-05-08T14:42:29","guid":{"rendered":"https:\/\/shop.genfarmer.com\/shoptrang-chu-english\/"},"modified":"2025-05-19T07:44:50","modified_gmt":"2025-05-19T07:44:50","slug":"trang-chu-english","status":"publish","type":"page","link":"https:\/\/genfarmer.com\/shop\/en\/","title":{"rendered":"Home"},"content":{"rendered":"\t<div class=\"img has-hover x md-x lg-x y md-y lg-y\" id=\"image_136971851\">\n\t\t<a class=\"\" href=\"https:\/\/docs.google.com\/forms\/d\/e\/1FAIpQLSfCSIKB-p4nmRqrJVlskgbTKpnkU_MRrrzNDUupjoqQIgOqiA\/viewform?usp=publish-editor\" rel=\"nofollow noopener\" target=\"_blank\">\t\t\t\t\t\t<div class=\"img-inner dark\" >\n\t\t\t<img loading=\"lazy\" decoding=\"async\" width=\"1799\" height=\"652\" src=\"https:\/\/genfarmer.com\/shop\/wp-content\/uploads\/2026\/04\/S8-V-banner-to-web-2.png\" class=\"attachment-original size-original\" alt=\"Automation Packages GenFarmer Banner\" srcset=\"https:\/\/genfarmer.com\/shop\/wp-content\/uploads\/2026\/04\/S8-V-banner-to-web-2.png 1799w, https:\/\/genfarmer.com\/shop\/wp-content\/uploads\/2026\/04\/S8-V-banner-to-web-2-300x109.png 300w, https:\/\/genfarmer.com\/shop\/wp-content\/uploads\/2026\/04\/S8-V-banner-to-web-2-1024x371.png 1024w, https:\/\/genfarmer.com\/shop\/wp-content\/uploads\/2026\/04\/S8-V-banner-to-web-2-768x278.png 768w, https:\/\/genfarmer.com\/shop\/wp-content\/uploads\/2026\/04\/S8-V-banner-to-web-2-1536x557.png 1536w, https:\/\/genfarmer.com\/shop\/wp-content\/uploads\/2026\/04\/S8-V-banner-to-web-2-600x217.png 600w\" sizes=\"auto, (max-width: 1799px) 100vw, 1799px\" \/>\t\t\t\t\t\t\n\t\t\t\t\t<\/div>\n\t\t\t\t\t\t<\/a>\t\t\n<style>\n#image_136971851 {\n  width: 100%;\n}\n<\/style>\n\t<\/div>\n\t\n\n\n\t<section class=\"section section-tabs-list-product\" id=\"section_486168796\">\n\t\t<div class=\"section-bg fill\" >\n\t\t\t\t\t\t\t\t\t\n\t\t\t\n\n\t\t<\/div>\n\n\t\t\n\n\t\t<div class=\"section-content relative\">\n\t\t\t\n\n<div class=\"row\"  id=\"row-185688127\">\n\n\n\t<div id=\"col-1407496118\" class=\"col small-12 large-12\"  >\n\t\t\t\t<div class=\"col-inner\"  >\n\t\t\t\n\t\t\t\n\n<div id=\"ez-toc-container\" class=\"ez-toc-v2_0_82_2 counter-hierarchy ez-toc-counter ez-toc-grey ez-toc-container-direction\">\n<div class=\"ez-toc-title-container\">\n<p class=\"ez-toc-title\" style=\"cursor:inherit\">Table of Contents<\/p>\n<span class=\"ez-toc-title-toggle\"><a href=\"#\" class=\"ez-toc-pull-right ez-toc-btn ez-toc-btn-xs ez-toc-btn-default ez-toc-toggle\" aria-label=\"Toggle Table of Content\"><span class=\"ez-toc-js-icon-con\"><span class=\"\"><span class=\"eztoc-hide\" style=\"display:none;\">Toggle<\/span><span class=\"ez-toc-icon-toggle-span\"><svg style=\"fill: #999;color:#999\" xmlns=\"http:\/\/www.w3.org\/2000\/svg\" class=\"list-377408\" width=\"20px\" height=\"20px\" viewBox=\"0 0 24 24\" fill=\"none\"><path d=\"M6 6H4v2h2V6zm14 0H8v2h12V6zM4 11h2v2H4v-2zm16 0H8v2h12v-2zM4 16h2v2H4v-2zm16 0H8v2h12v-2z\" fill=\"currentColor\"><\/path><\/svg><svg style=\"fill: #999;color:#999\" class=\"arrow-unsorted-368013\" xmlns=\"http:\/\/www.w3.org\/2000\/svg\" width=\"10px\" height=\"10px\" viewBox=\"0 0 24 24\" version=\"1.2\" baseProfile=\"tiny\"><path d=\"M18.2 9.3l-6.2-6.3-6.2 6.3c-.2.2-.3.4-.3.7s.1.5.3.7c.2.2.4.3.7.3h11c.3 0 .5-.1.7-.3.2-.2.3-.5.3-.7s-.1-.5-.3-.7zM5.8 14.7l6.2 6.3 6.2-6.3c.2-.2.3-.5.3-.7s-.1-.5-.3-.7c-.2-.2-.4-.3-.7-.3h-11c-.3 0-.5.1-.7.3-.2.2-.3.5-.3.7s.1.5.3.7z\"\/><\/svg><\/span><\/span><\/span><\/a><\/span><\/div>\n<nav><ul class='ez-toc-list ez-toc-list-level-1 ' ><li class='ez-toc-page-1 ez-toc-heading-level-2'><a class=\"ez-toc-link ez-toc-heading-1\" href=\"https:\/\/genfarmer.com\/shop\/en\/#Box_Phone_Farm_Chat\" >Box Phone Farm Ch\u1ea5t!<\/a><ul class='ez-toc-list-level-3' ><li class='ez-toc-heading-level-3'><a class=\"ez-toc-link ez-toc-heading-2\" href=\"https:\/\/genfarmer.com\/shop\/en\/#Boxphone_mau_moi_nhat\" >Boxphone m\u1eabu m\u1edbi nh\u1ea5t!<\/a><\/li><\/ul><\/li><\/ul><\/nav><\/div>\n<h2 class=\"gym-products__title\" style=\"font-weight: normal;\"><span class=\"ez-toc-section\" id=\"Box_Phone_Farm_Chat\"><\/span>Box Phone Farm Ch\u1ea5t!<span class=\"ez-toc-section-end\"><\/span><\/h2>\n<p class=\"gym-products__subtitle\">GenFarmer Shop xin gi\u1edbi thi\u1ec7u t\u1edbi qu\u00fd kh\u00e1ch h\u00e0ng b\u1ed9 s\u01b0u t\u1eadp Boxphone Collection bao g\u1ed3m c\u00e1c m\u1eabu Boxphone phi\u00ean b\u1ea3n m\u1edbi nh\u1ea5t v\u1edbi \u0111\u1ed9 ho\u00e0n thi\u1ec7n t\u1ed1t nh\u1ea5t tr\u00ean th\u1ecb tr\u01b0\u1eddng hi\u1ec7n t\u1ea1i.<\/p>\n\t<div id=\"gap-1978784310\" class=\"gap-element clearfix\" style=\"display:block; height:auto;\">\n\t\t\n<style>\n#gap-1978784310 {\n  padding-top: 30px;\n}\n<\/style>\n\t<\/div>\n\t\n\n\n\t\t<\/div>\n\t\t\t\t\t<\/div>\n\n\t\n\n<\/div>\n\n\t\t<\/div>\n\n\t\t\n<style>\n#section_486168796 {\n  padding-top: 30px;\n  padding-bottom: 30px;\n}\n<\/style>\n\t<\/section>\n\t\n\n\t<section class=\"section section-product-by-cate\" id=\"section_813643988\">\n\t\t<div class=\"section-bg fill\" >\n\t\t\t\t\t\t\t\t\t\n\t\t\t\n\n\t\t<\/div>\n\n\t\t\n\n\t\t<div class=\"section-content relative\">\n\t\t\t\n\n<div class=\"row row-collapse align-equal\" style=\"max-width:\" id=\"row-1448899048\">\n\n\n\t<div id=\"col-557252552\" class=\"col section-product-by-cate__product medium-9 small-12 large-9\"  >\n\t\t\t\t<div class=\"col-inner\"  >\n\t\t\t\n\t\t\t\n\n\t\n  \n    <div class=\"row large-columns-3 medium-columns- small-columns-2 row-small slider row-slider slider-nav-circle slider-nav-push\"  data-flickity-options='{&quot;imagesLoaded&quot;: true, &quot;groupCells&quot;: &quot;100%&quot;, &quot;dragThreshold&quot; : 5, &quot;cellAlign&quot;: &quot;left&quot;,&quot;wrapAround&quot;: true,&quot;prevNextButtons&quot;: true,&quot;percentPosition&quot;: true,&quot;pageDots&quot;: false, &quot;rightToLeft&quot;: false, &quot;autoPlay&quot; : 5000}' >\n\n  <\/div>\n\n\n\t\t<\/div>\n\t\t\t\t\t<\/div>\n\n\t\n\n<\/div>\n\n\t\t<\/div>\n\n\t\t\n<style>\n#section_813643988 {\n  padding-top: 0px;\n  padding-bottom: 0px;\n}\n<\/style>\n\t<\/section>\n\t\n\n\t<section class=\"section section-img-bst\" id=\"section_1230179688\">\n\t\t<div class=\"section-bg fill\" >\n\t\t\t\t\t\t\t\t\t\n\t\t\t\n\n\t\t<\/div>\n\n\t\t\n\n\t\t<div class=\"section-content relative\">\n\t\t\t\n\n\t<div id=\"gap-1415451681\" class=\"gap-element clearfix\" style=\"display:block; height:auto;\">\n\t\t\n<style>\n#gap-1415451681 {\n  padding-top: 30px;\n}\n<\/style>\n\t<\/div>\n\t\n\n\t<div id=\"text-4075624091\" class=\"text\">\n\t\t\n\n<h3><span class=\"ez-toc-section\" id=\"Boxphone_mau_moi_nhat\"><\/span>Boxphone m\u1eabu m\u1edbi nh\u1ea5t!<span class=\"ez-toc-section-end\"><\/span><\/h3>\n\t\t\n<style>\n#text-4075624091 {\n  font-size: 2.6rem;\n  line-height: 1.25;\n  text-align: center;\n}\n<\/style>\n\t<\/div>\n\t\n\t<div class=\"img has-hover x md-x lg-x y md-y lg-y\" id=\"image_1975170128\">\n\t\t\t\t\t\t\t\t<div class=\"img-inner dark\" >\n\t\t\t<img loading=\"lazy\" decoding=\"async\" width=\"2504\" height=\"3093\" src=\"https:\/\/genfarmer.com\/shop\/wp-content\/uploads\/2024\/09\/Frame-5-1.png\" class=\"attachment-original size-original\" alt=\"\" srcset=\"https:\/\/genfarmer.com\/shop\/wp-content\/uploads\/2024\/09\/Frame-5-1.png 2504w, https:\/\/genfarmer.com\/shop\/wp-content\/uploads\/2024\/09\/Frame-5-1-600x741.png 600w, https:\/\/genfarmer.com\/shop\/wp-content\/uploads\/2024\/09\/Frame-5-1-243x300.png 243w, https:\/\/genfarmer.com\/shop\/wp-content\/uploads\/2024\/09\/Frame-5-1-829x1024.png 829w, https:\/\/genfarmer.com\/shop\/wp-content\/uploads\/2024\/09\/Frame-5-1-768x949.png 768w, https:\/\/genfarmer.com\/shop\/wp-content\/uploads\/2024\/09\/Frame-5-1-1243x1536.png 1243w, https:\/\/genfarmer.com\/shop\/wp-content\/uploads\/2024\/09\/Frame-5-1-1658x2048.png 1658w\" sizes=\"auto, (max-width: 2504px) 100vw, 2504px\" \/>\t\t\t\t\t\t\n\t\t\t\t\t<\/div>\n\t\t\t\t\t\t\t\t\n<style>\n#image_1975170128 {\n  width: 100%;\n}\n<\/style>\n\t<\/div>\n\t\n\n\t<div class=\"img has-hover x md-x lg-x y md-y lg-y\" id=\"image_151232113\">\n\t\t\t\t\t\t\t\t<div class=\"img-inner dark\" >\n\t\t\t<img loading=\"lazy\" decoding=\"async\" width=\"3072\" height=\"1550\" src=\"https:\/\/genfarmer.com\/shop\/wp-content\/uploads\/2024\/09\/Screenshot-2024-09-13-at-15.07.45.png\" class=\"attachment-original size-original\" alt=\"\" srcset=\"https:\/\/genfarmer.com\/shop\/wp-content\/uploads\/2024\/09\/Screenshot-2024-09-13-at-15.07.45.png 3072w, https:\/\/genfarmer.com\/shop\/wp-content\/uploads\/2024\/09\/Screenshot-2024-09-13-at-15.07.45-600x303.png 600w, https:\/\/genfarmer.com\/shop\/wp-content\/uploads\/2024\/09\/Screenshot-2024-09-13-at-15.07.45-300x151.png 300w, https:\/\/genfarmer.com\/shop\/wp-content\/uploads\/2024\/09\/Screenshot-2024-09-13-at-15.07.45-1024x517.png 1024w, https:\/\/genfarmer.com\/shop\/wp-content\/uploads\/2024\/09\/Screenshot-2024-09-13-at-15.07.45-768x388.png 768w, https:\/\/genfarmer.com\/shop\/wp-content\/uploads\/2024\/09\/Screenshot-2024-09-13-at-15.07.45-1536x775.png 1536w, https:\/\/genfarmer.com\/shop\/wp-content\/uploads\/2024\/09\/Screenshot-2024-09-13-at-15.07.45-2048x1033.png 2048w\" sizes=\"auto, (max-width: 3072px) 100vw, 3072px\" \/>\t\t\t\t\t\t\n\t\t\t\t\t<\/div>\n\t\t\t\t\t\t\t\t\n<style>\n#image_151232113 {\n  width: 100%;\n}\n<\/style>\n\t<\/div>\n\t\n\n\n\t\t<\/div>\n\n\t\t\n<style>\n#section_1230179688 {\n  padding-top: 30px;\n  padding-bottom: 30px;\n}\n<\/style>\n\t<\/section>\n\t","protected":false},"excerpt":{"rendered":"","protected":false},"author":1,"featured_media":0,"parent":0,"menu_order":0,"comment_status":"closed","ping_status":"closed","template":"","meta":{"footnotes":""},"class_list":["post-5599","page","type-page","status-publish","hentry"],"lang":"en","translations":{"en":5599,"vi":9,"es":6783,"id":7263},"pll_sync_post":[],"_links":{"self":[{"href":"https:\/\/genfarmer.com\/shop\/wp-json\/wp\/v2\/pages\/5599","targetHints":{"allow":["GET"]}}],"collection":[{"href":"https:\/\/genfarmer.com\/shop\/wp-json\/wp\/v2\/pages"}],"about":[{"href":"https:\/\/genfarmer.com\/shop\/wp-json\/wp\/v2\/types\/page"}],"author":[{"embeddable":true,"href":"https:\/\/genfarmer.com\/shop\/wp-json\/wp\/v2\/users\/1"}],"replies":[{"embeddable":true,"href":"https:\/\/genfarmer.com\/shop\/wp-json\/wp\/v2\/comments?post=5599"}],"version-history":[{"count":5,"href":"https:\/\/genfarmer.com\/shop\/wp-json\/wp\/v2\/pages\/5599\/revisions"}],"predecessor-version":[{"id":17735,"href":"https:\/\/genfarmer.com\/shop\/wp-json\/wp\/v2\/pages\/5599\/revisions\/17735"}],"wp:attachment":[{"href":"https:\/\/genfarmer.com\/shop\/wp-json\/wp\/v2\/media?parent=5599"}],"curies":[{"name":"wp","href":"https:\/\/api.w.org\/{rel}","templated":true}]}}