{"id":440,"date":"2024-03-20T13:17:14","date_gmt":"2024-03-20T13:17:14","guid":{"rendered":"http:\/\/shop.genfarmer.com\/?post_type=product&#038;p=440"},"modified":"2026-05-02T10:31:03","modified_gmt":"2026-05-02T03:31:03","slug":"router-proxy","status":"publish","type":"product","link":"https:\/\/genfarmer.com\/shop\/san-pham\/router-proxy\/","title":{"rendered":"GENROUTER THI\u1ebeT B\u1eca K\u1ebeT N\u1ed0I PROXY CHO IOS, BOXPHONE, ANDROID | T\u1ed0I \u0110A 30 THI\u1ebeT B\u1eca"},"content":{"rendered":"<strong>GenRouter \u2013 Thi\u1ebft B\u1ecb Ph\u00e1t Proxy Ra Wi-Fi<\/strong> l\u00e0 m\u1ed9t gi\u1ea3i ph\u00e1p m\u1ea1ng to\u00e0n di\u1ec7n, \u0111\u01b0\u1ee3c thi\u1ebft k\u1ebf nh\u1eb1m cung c\u1ea5p k\u1ebft n\u1ed1i an to\u00e0n v\u1edbi kh\u1ea3 n\u0103ng t\u00edch h\u1ee3p c\u00f4ng ngh\u1ec7 \u1ea9n danh m\u1ea1nh m\u1ebd v\u00e0 qu\u1ea3n l\u00fd t\u1eadp trung h\u00e0ng lo\u1ea1t thi\u1ebft b\u1ecb. Thi\u1ebft b\u1ecb h\u1ed7 tr\u1ee3 ph\u00e1t proxy tr\u1ef1c ti\u1ebfp, ph\u00f9 h\u1ee3p v\u1edbi c\u00e1c h\u1ec7 th\u1ed1ng <strong>automation, MMO, marketing<\/strong> y\u00eau c\u1ea7u t\u00ednh b\u1ea3o m\u1eadt cao.S\u1ea3n ph\u1ea9m kh\u00f4ng ch\u1ec9 t\u1ed1i \u01b0u h\u00f3a hi\u1ec7u n\u0103ng ho\u1ea1t \u0111\u1ed9ng m\u00e0 c\u00f2n \u0111\u1ea3m b\u1ea3o <strong>b\u1ea3o m\u1eadt tuy\u1ec7t \u0111\u1ed1i cho th\u00f4ng tin ng\u01b0\u1eddi d\u00f9ng<\/strong> nh\u1edd v\u00e0o n\u1ec1n t\u1ea3ng c\u00f4ng ngh\u1ec7 \u1ea9n danh ti\u00ean ti\u1ebfn\r\n\r\nGenRouter cho ph\u00e9p t\u1ea1o proxy si\u00eau s\u1ea1ch v\u00e0 thay \u0111\u1ed5i proxy ngay tr\u00ean thi\u1ebft b\u1ecb. Thi\u1ebft b\u1ecb c\u00f2n c\u00f3 th\u1ec3 ph\u00e1t \u0111\u1ed3ng th\u1eddi 32 Wi-Fi, thay \u0111\u1ed5i to\u00e0n b\u1ed9 \u0111\u1ecbnh danh m\u1ea1ng nh\u01b0 IP, MAC, WebRTC, DNS, SSID, Timezone. T\u1ed1i \u01b0u cho m\u1ecdi h\u1ec7 th\u1ed1ng \u0111\u01b0\u1ee3c thi\u1ebft k\u1ebf chuy\u00ean bi\u1ec7t cho c\u00e1c h\u1ec7 th\u1ed1ng MMO, Phonefarm v\u00e0 Automation quy m\u00f4 l\u1edbn.\r\n<h2><strong>1. B\u1ea3o m\u1eadt cao, ki\u1ec3m so\u00e1t to\u00e0n quy\u1ec1n<\/strong><\/h2>\r\n<ul>\r\n \t<li style=\"list-style-type: none;\">\r\n<ul>\r\n \t<li><strong>K\u1ebft n\u1ed1i 30 thi\u1ebft b\u1ecb \u1ed5n \u0111\u1ecbnh<\/strong><\/li>\r\n<\/ul>\r\n<\/li>\r\n<\/ul>\r\nH\u1ed7 tr\u1ee3 t\u1ed1i \u0111a 30 thi\u1ebft b\u1ecb k\u1ebft n\u1ed1i \u0111\u1ed3ng th\u1eddi, m\u1ed7i thi\u1ebft b\u1ecb nh\u1eadn proxy ri\u00eang. \u0110\u1ea3m b\u1ea3o hi\u1ec7u su\u1ea5t cao, l\u00fd t\u01b0\u1edfng cho m\u00f4i tr\u01b0\u1eddng farm ho\u1eb7c doanh nghi\u1ec7p l\u1edbn.\r\n<ul>\r\n \t<li style=\"list-style-type: none;\">\r\n<ul>\r\n \t<li><strong>T\u1ea1o 32 WiFi \u0111\u1ecbnh danh ri\u00eang bi\u1ec7t<\/strong><\/li>\r\n<\/ul>\r\n<\/li>\r\n<\/ul>\r\nM\u1ed7i WiFi ph\u00e1t ra c\u00f3 MAC v\u00e0 t\u00ean SSID kh\u00e1c nhau. Cho ph\u00e9p reset v\u00e0 t\u00e1i s\u1eed d\u1ee5ng li\u00ean t\u1ee5c \u0111\u1ec3 t\u1ea1o ra wifi m\u1edbi.\r\n<ul>\r\n \t<li style=\"list-style-type: none;\">\r\n<ul>\r\n \t<li><strong>Ch\u1eb7n scan LAN \u2013 B\u1ea3o m\u1eadt n\u1ed9i b\u1ed9<\/strong><\/li>\r\n<\/ul>\r\n<\/li>\r\n<\/ul>\r\nNg\u0103n thi\u1ebft b\u1ecb kh\u00e1c trong c\u00f9ng m\u1ea1ng LAN qu\u00e9t v\u00e0 ph\u00e1t hi\u1ec7n c\u00e1c thi\u1ebft b\u1ecb \u0111ang s\u1eed d\u1ee5ng. \u0110\u1eb7c bi\u1ec7t hi\u1ec7u qu\u1ea3 v\u1edbi n\u1ec1n t\u1ea3ng nh\u01b0 TikTok khi s\u1eed d\u1ee5ng nhi\u1ec1u thi\u1ebft b\u1ecb c\u00f9ng l\u00fac.\r\n<ul>\r\n \t<li style=\"list-style-type: none;\">\r\n<ul>\r\n \t<li><strong>\u1ea8n Danh Tuy\u1ec7t \u0110\u1ed1i \u2013 B\u1ea3o M\u1eadt C\u1ea5p Router<\/strong><\/li>\r\n<\/ul>\r\n<\/li>\r\n<\/ul>\r\nChe gi\u1ea5u ho\u00e0n to\u00e0n c\u00e1c th\u00f4ng tin nh\u1ea1y c\u1ea3m nh\u01b0 <strong>WebRTC Leak, DNS Leak, MAC, SSID<\/strong>, gi\u00fap b\u1ea3o v\u1ec7 danh t\u00ednh m\u1ea1ng.\r\n<ul>\r\n \t<li style=\"list-style-type: none;\">\r\n<ul>\r\n \t<li><strong>H\u1ed7 Tr\u1ee3 \u0110a Giao Th\u1ee9c Proxy<\/strong><\/li>\r\n<\/ul>\r\n<\/li>\r\n<\/ul>\r\nT\u01b0\u01a1ng th\u00edch v\u1edbi c\u00e1c giao th\u1ee9c ph\u1ed5 bi\u1ebfn nh\u01b0 <strong>HTTPS, SOCKS5<\/strong>\r\n<ul>\r\n \t<li style=\"list-style-type: none;\">\r\n<ul>\r\n \t<li><strong>WiFi 6 + ch\u1ed1ng truy v\u1ebft route n\u00e2ng cao<\/strong><\/li>\r\n<\/ul>\r\n<\/li>\r\n<\/ul>\r\nT\u1eadn d\u1ee5ng c\u00f4ng ngh\u1ec7 Wi-Fi 6 t\u1ed1c \u0111\u1ed9 cao k\u1ebft h\u1ee3p kh\u1ea3 n\u0103ng ch\u1ed1ng \u0111\u1ecbnh tuy\u1ebfn truy v\u1ebft (Trace route), gi\u00fap k\u1ebft n\u1ed1i \u1ed5n \u0111\u1ecbnh, tr\u00e1nh b\u1ecb ph\u00e1t hi\u1ec7n\r\n<ul>\r\n \t<li style=\"list-style-type: none;\">\r\n<ul>\r\n \t<li><strong>Thay \u0110\u1ed5i Proxy Nhanh<\/strong><\/li>\r\n<\/ul>\r\n<\/li>\r\n<\/ul>\r\nV\u1edbi GenRouter, vi\u1ec7c thay \u0111\u1ed5i proxy tr\u1edf n\u00ean <strong>nhanh ch\u00f3ng v\u00e0 linh ho\u1ea1t<\/strong>. Ng\u01b0\u1eddi d\u00f9ng c\u00f3 th\u1ec3 g\u00e1n proxy cho h\u00e0ng tr\u0103m thi\u1ebft b\u1ecb ch\u1ec9 v\u1edbi m\u1ed9t thao t\u00e1c \u0111\u01a1n gi\u1ea3n, kh\u00f4ng c\u1ea7n c\u1ea5u h\u00ecnh th\u1ee7 c\u00f4ng ph\u1ee9c t\u1ea1p.\r\n\r\n&nbsp;\r\n<div style=\"text-align: center;\"><iframe loading=\"lazy\" title=\"H\u01b0\u1edbng d\u1eabn s\u1eed d\u1ee5ng Genrouter V2 t\u1eeb A-Z \u2013 Fake IP, g\u1eafn proxy, t\u1ea1o WiFi \u1ea3o si\u00eau d\u1ec5!\" src=\"https:\/\/www.youtube.com\/embed\/emxYoELxD20\" width=\"800\" height=\"450\" frameborder=\"0\" allowfullscreen=\"allowfullscreen\"><\/iframe><\/div>\r\n&nbsp;\r\n<h2>2. GenRouter &#8211; T\u1ea1o proxy s\u1ea1ch v\u00e0 thay \u0111\u1ed5i proxy d\u1ec5 d\u00e0ng<\/h2>\r\nV\u1edbi c\u00f4ng ngh\u1ec7 \u0111a phi\u00ean xoay PPoE, GenRouter c\u00f2n c\u00f3 th\u1ec3 t\u1ea1o ra nhi\u1ec1u proxy si\u00eau s\u1ea1ch v\u00e0 ri\u00eang t\u01b0.\r\nKh\u00f4ng c\u1ea7n Dcom, kh\u00f4ng c\u1ea7n mua proxy ngo\u00e0i, m\u1ecdi th\u1ee9 \u0111\u01b0\u1ee3c x\u1eed l\u00fd ngay tr\u00ean GenRouter!\r\n<ul>\r\n \t<li>Bi\u1ebfn router th\u00e0nh m\u1ed9t thi\u1ebft b\u1ecb quay PPOE c\u00f3 th\u1ec3 t\u1ea1o proxy tr\u1ef1c ti\u1ebfp t\u01b0\u01a1ng t\u1ef1 v\u1edbi c\u00e1c thi\u1ebft b\u1ecb minipc<\/li>\r\n \t<li>T\u1ef1 \u0111\u1ed9ng c\u00e2n b\u1eb1ng t\u1ea3i gi\u1eefa c\u00e1c phi\u00ean line m\u1ea1ng<\/li>\r\n \t<li>Kh\u00f4ng c\u1ea7n m\u00e1y ch\u1ee7 trung gian \u2013 c\u00f3 th\u1ec3 chia s\u1ebb proxy cho ng\u01b0\u1eddi kh\u00e1c s\u1eed d\u1ee5ng ch\u1ec9 c\u1ea7n user:pass:ip:port<\/li>\r\n \t<li>C\u1eafm l\u00e0 ch\u1ea1y, kh\u00f4ng c\u1ea7n k\u1ef9 thu\u1eadt chuy\u00ean s\u00e2u.<\/li>\r\n \t<li>T\u00f9y bi\u1ebfn cao v\u1edbi giao di\u1ec7n qu\u1ea3n l\u00fd tr\u1ef1c quan.<\/li>\r\n<\/ul>\r\n<h2>3. T\u00edch h\u1ee3p t\u00ednh n\u0103ng VPN<\/h2>\r\n<strong>Ph\u00e1t VPN \u0111a n\u1ec1n t\u1ea3ng tr\u00ean phi\u00ean b\u1ea3n Genrouter H3000<\/strong>\r\n<ul>\r\n \t<li>Router ho\u1ea1t \u0111\u1ed9ng nh\u01b0 \u0111i\u1ec3m ph\u00e1t VPN c\u00e1 nh\u00e2n, t\u01b0\u01a1ng th\u00edch v\u1edbi OpenVPN, NordVPN, ExpressVPN&#8230;<\/li>\r\n \t<li>Kh\u00f4ng c\u1ea7n c\u00e0i \u0111\u1eb7t b\u1ea5t k\u1ef3 \u1ee9ng d\u1ee5ng n\u00e0o tr\u00ean \u0111i\u1ec7n tho\u1ea1i, \u0111\u1ea3m b\u1ea3o t\u00ednh \u1ea9n danh v\u00e0 t\u1ed1c \u0111\u1ed9 nhanh.<\/li>\r\n \t<li>Genrouter s\u1eed d\u1ee5ng c\u00f4ng ngh\u1ec7 m\u00f4 ph\u1ecfng g\u00f3i WebRTC, kh\u00f4ng ch\u1ec9 c\u1eaft gi\u1ea3m chi ph\u00ed m\u00e0 c\u00f2n mang l\u1ea1i tr\u1ea3i nghi\u1ec7m v\u01b0\u1ee3t tr\u1ed9i h\u01a1n nhi\u1ec1u so v\u1edbi VPN truy\u1ec1n th\u1ed1ng.<\/li>\r\n \t<li>G\u1eafn vpn cho t\u1eebng thi\u1ebft b\u1ecb k\u1ebft n\u1ed1i t\u1edbi .<\/li>\r\n<\/ul>\r\n&nbsp;\r\n<div style=\"text-align: center;\">\r\n\r\n<iframe loading=\"lazy\" title=\"H\u01b0\u1edbng D\u1eabn S\u1eed D\u1ee5ng VPN Tr\u00ean GenRouter | B\u1ea3o V\u1ec7 Danh T\u00ednh &amp; \u0110\u1ed5i IP D\u1ec5 D\u00e0ng\" src=\"https:\/\/www.youtube.com\/embed\/aSU3OEBjblw\" width=\"800\" height=\"450\" frameborder=\"0\" allowfullscreen=\"allowfullscreen\"><span data-mce-type=\"bookmark\" style=\"display: inline-block; width: 0px; overflow: hidden; line-height: 0;\" class=\"mce_SELRES_start\">\ufeff<\/span><\/iframe>\r\n\r\n&nbsp;\r\n\r\n<\/div>\r\n<h2>4. Chi ph\u00ed s\u1eed d\u1ee5ng r\u1ebb<\/h2>\r\n<ul>\r\n \t<li>Tr\u1ea3 ti\u1ec1n m\u1ed9t l\u1ea7n duy nh\u1ea5t cho thi\u1ebft b\u1ecb, kh\u00f4ng m\u1ea5t ph\u00ed duy tr\u00ec ph\u1ea7n m\u1ec1m<\/li>\r\n \t<li>T\u00ednh ra chi ph\u00ed m\u1ed7i proxy ch\u1ec9 v\u00e0i ngh\u00ecn \u0111\u1ed3ng\/th\u00e1ng n\u1ebfu khai th\u00e1c t\u1ed1i \u01b0u \u2013 Ti\u1ebft ki\u1ec7m h\u01a1n r\u1ea5t nhi\u1ec1u so v\u1edbi thu\u00ea ngo\u00e0i.<\/li>\r\n \t<li>Ph\u00f9 h\u1ee3p v\u1edbi c\u1ea3 ng\u01b0\u1eddi m\u1edbi b\u1eaft \u0111\u1ea7u ho\u1eb7c doanh nghi\u1ec7p l\u1edbn mu\u1ed1n gi\u1ea3m chi ph\u00ed v\u1eadn h\u00e0nh d\u00e0i h\u1ea1n hay ng\u01b0\u1eddi l\u00e0m l\u00e2u n\u0103m<\/li>\r\n \t<li>\u0110\u1ea7u t\u01b0 m\u1ed9t l\u1ea7n, s\u1eed d\u1ee5ng l\u00e2u d\u00e0i, kh\u00f4ng s\u1ee3 b\u1ecb kh\u00f3a, thu h\u1ed3i proxy nh\u01b0 c\u00e1c b\u00ean d\u1ecbch v\u1ee5.<\/li>\r\n<\/ul>\r\n<h2>5. H\u1ed7 Tr\u1ee3 K\u1ecbp Th\u1eddi<\/h2>\r\nCh\u00fang t\u00f4i hi\u1ec3u th\u1eddi gian c\u1ee7a b\u1ea1n l\u00e0 qu\u00fd gi\u00e1. \u0110\u1ed9i ng\u0169 h\u1ed7 tr\u1ee3 k\u1ef9 thu\u1eadt lu\u00f4n s\u1eb5n s\u00e0ng gi\u1ea3i quy\u1ebft nhanh ch\u00f3ng m\u1ecdi s\u1ef1 c\u1ed1 trong qu\u00e1 tr\u00ecnh s\u1eed d\u1ee5ng s\u1ea3n ph\u1ea9m.\r\n<div><img loading=\"lazy\" decoding=\"async\" class=\"aligncenter size-full wp-image-6975\" src=\"https:\/\/genfarmer.com\/shop\/wp-content\/uploads\/2024\/03\/Anh-man-hinh-2025-07-03-luc-10.35.38.png\" alt=\"router-miniPC\" width=\"850\" height=\"650\" \/><\/div>\r\n&nbsp;\r\n<h2><strong>S\u1eb5n s\u00e0ng n\u00e2ng c\u1ea5p h\u1ec7 th\u1ed1ng c\u1ee7a b\u1ea1n v\u1edbi GenRouter?<\/strong><\/h2>\r\nH\u00e3y \u0111\u1ec3 GenRouter tr\u1edf th\u00e0nh trung t\u00e2m k\u1ebft n\u1ed1i v\u00e0 b\u1ea3o m\u1eadt cho to\u00e0n b\u1ed9 h\u1ec7 th\u1ed1ng automation, MMO, marketing c\u1ee7a b\u1ea1n.\r\n\r\n<strong>\u0110\u01a1n gi\u1ea3n ho\u00e1 qu\u1ea3n l\u00fd \u2013 T\u1ed1i \u01b0u hi\u1ec7u su\u1ea5t \u2013 B\u1ea3o m\u1eadt tuy\u1ec7t \u0111\u1ed1i.<\/strong>\r\n\r\n\ud83d\udc49 <strong>Li\u00ean h\u1ec7 v\u1edbi ch\u00fang t\u00f4i ngay h\u00f4m nay<\/strong> \u0111\u1ec3 \u0111\u01b0\u1ee3c t\u01b0 v\u1ea5n mi\u1ec5n ph\u00ed v\u00e0 tr\u1ea3i nghi\u1ec7m demo th\u1ef1c t\u1ebf!\r\n<h2>Th\u00f4ng Tin Li\u00ean H\u1ec7<\/h2>\r\n<strong>GenFarmer &#8211; H\u1ec7 Sinh Th\u00e1i Boxphone &amp; Automation No-Code<\/strong>\r\n<ul>\r\n \t<li><b>Website:<\/b> <a href=\"https:\/\/genfarmer.com\/\">https:\/\/genfarmer.com<\/a><\/li>\r\n \t<li><b>Tham kh\u1ea3o s\u1ea3n ph\u1ea9m th\u00eam t\u1ea1i: <\/b><a href=\"https:\/\/genfarmer.com\/shop\/box-phone-farm\/\" rel=\"dofollow\">https:\/\/genfarmer.com\/shop<\/a><\/li>\r\n \t<li><b>Hotline:<\/b> 0379381031<\/li>\r\n \t<li><b>Email:<\/b> <a rel=\"noopener\">support@genfarmer.com<\/a><\/li>\r\n<\/ul>","protected":false},"excerpt":{"rendered":"<div><\/div>\r\n<div><strong>FAQ:<\/strong><\/div>\r\n<div class=\"html-div xdj266r x11i5rnm x1mh8g0r xexx8yu x4uap5 x18d9i69 xkhd6sd x1e56ztr\"><span class=\"x193iq5w xeuugli x13faqbe x1vvkbs xlh3980 xvmahel x1n0sxbx x6prxxf xvq8zen xo1l8bm xzsf02u\"><span class=\"html-span xdj266r x11i5rnm xat24cr x1mh8g0r xexx8yu x4uap5 x18d9i69 xkhd6sd x1hl2dhg x16tdsg8 x1vvkbs\"><strong class=\"html-strong xdj266r x11i5rnm xat24cr x1mh8g0r xexx8yu x4uap5 x18d9i69 xkhd6sd x1hl2dhg x16tdsg8 x1vvkbs x1s688f\">1. GenRouter so v\u1edbi c\u00e1c ph\u01b0\u01a1ng th\u1ee9c d\u00f9ng tool \u0111\u1ec3 k\u1ebft n\u1ed1i proxy<\/strong><\/span><\/span><\/div>\r\n<div>\r\n<div class=\"xdj266r x11i5rnm xat24cr x1mh8g0r x1vvkbs x126k92a\">\r\n<div dir=\"auto\">T\u1ea1i sao C\u00f3 App \u0111\u1ec3 c\u00e0i Proxy v\u00e0o device \u0111i\u1ec7n tho\u1ea1i\/boxphone Android\/IOS r\u1ed3i th\u00ec t\u1ea1i sao ph\u1ea3i \u0111\u1ed5i qua s\u1eed d\u1ee5ng Router?<\/div>\r\n<\/div>\r\n<div class=\"x11i5rnm xat24cr x1mh8g0r x1vvkbs xtlvy1s x126k92a\">\r\n<div dir=\"auto\">\u0110\u1ed1i v\u1edbi c\u00e1c ph\u01b0\u01a1ng th\u1ee9c k\u1ebft n\u1ed1i proxy nh\u01b0 qua app, qua key tool hi\u1ec7n t\u1ea1i, kh\u00f4ng th\u1ec3 tr\u00e1nh kh\u1ecfi vi\u1ec7c thi\u1ebft b\u1ecb c\u1ee7a b\u1ea1n b\u1ecb l\u1ed9 IP th\u1eadt, k\u1ebft n\u1ed1i kh\u00f4ng \u1ed5n \u0111\u1ecbnh v\u00e0 \u0111\u1eb7c bi\u1ec7t nh\u1eefng th\u00f4ng s\u1ed1 WebRTC, DNS, MAC kh\u00f4ng h\u1ec1 \u0111\u01b0\u1ee3c nh\u1eafc t\u1edbi.<\/div>\r\n<\/div>\r\n<div class=\"x11i5rnm xat24cr x1mh8g0r x1vvkbs xtlvy1s x126k92a\">\r\n<div dir=\"auto\">V\u1eady n\u00ean, khi anh em l\u00e0m MMO \u0111\u1eb7c bi\u1ec7t c\u00e1c t\u00e1c v\u1ee5 c\u1ea7n t\u00ednh \u1ed5n \u0111\u1ecbnh cao v\u1ec1 IP nh\u01b0 nu\u00f4i t\u00e0i kho\u1ea3n Tiktok (VN, US,&#8230;) Ofer, CO, t\u00e0i kho\u1ea3n livestream,&#8230; v\u00e0 r\u1ea5t nhi\u1ec1u tr\u01b0\u1eddng h\u1ee3p kh\u00e1c th\u00ec n\u00ean \u0111\u1eb7c bi\u1ec7t s\u1edf h\u1eefu cho m\u00ecnh GenRouter. GenRouter cho ph\u00e9p k\u1ebft n\u1ed1i proxy socks5 m\u00e0 kh\u00f4ng b\u1ecb l\u1ed9 \u0111\u1ecba ch\u1ec9 WebRTC, kh\u00f4ng c\u1ea7n s\u1eed d\u1ee5ng app th\u1ee9 3, thay \u0111\u1ed5i \u0111\u01b0\u1ee3c th\u00f4ng s\u1ed1 DNS, MAC, \u0111\u1eb7c bi\u1ec7t an to\u00e0n v\u00e0 b\u1ea3o m\u1eadt. C\u1ee5c router n\u00e0y gi\u00fap c\u1ea5u h\u00ecnh proxy cho c\u00e1c thi\u1ebft b\u1ecb k\u1ebft n\u1ed1i t\u1edbi router m\u00e0 ko c\u1ea7n c\u00e0i ph\u1ea7n m\u1ec1m g\u00ec tr\u00ean thi\u1ebft b\u1ecb. H\u1ea1n ch\u1ebf c\u00e1c app check \u0111\u01b0\u1ee3c thi\u1ebft b\u1ecb \u0111ang s\u1eed d\u1ee5ng VPN v\u00e0 proxy.<\/div>\r\n<\/div>\r\n<\/div>\r\n<div class=\"html-div xdj266r x11i5rnm x1mh8g0r xexx8yu x4uap5 x18d9i69 xkhd6sd x1e56ztr\"><span class=\"x193iq5w xeuugli x13faqbe x1vvkbs xlh3980 xvmahel x1n0sxbx x6prxxf xvq8zen xo1l8bm xzsf02u\"><span class=\"html-span xdj266r x11i5rnm xat24cr x1mh8g0r xexx8yu x4uap5 x18d9i69 xkhd6sd x1hl2dhg x16tdsg8 x1vvkbs\"><strong class=\"html-strong xdj266r x11i5rnm xat24cr x1mh8g0r xexx8yu x4uap5 x18d9i69 xkhd6sd x1hl2dhg x16tdsg8 x1vvkbs x1s688f\">2. D\u00f9ng cho TiktokShop US \u0111\u01b0\u1ee3c kh\u00f4ng ad? <\/strong><\/span><\/span><\/div>\r\n<ul class=\"html-ul xe8uvvx xexx8yu x18d9i69 x11i5rnm x1mh8g0r xnmw4ku x1e56ztr x1xmf6yo x4uap5 x1xfsgkm\">\r\n \t<li class=\"html-li xdj266r x11i5rnm xat24cr x1mh8g0r xexx8yu x4uap5 x18d9i69 xkhd6sd x1n2onr6 xnmw4ku\">\r\n<div class=\"html-div xdj266r x11i5rnm x1mh8g0r xexx8yu x4uap5 x18d9i69 xkhd6sd x1e56ztr\"><span class=\"x193iq5w xeuugli x13faqbe x1vvkbs xlh3980 xvmahel x1n0sxbx x6prxxf xvq8zen xo1l8bm xzsf02u\">Qu\u00e1 ngon lu\u00f4n \u1ea1, \u0111\u1ed5i IP US, Nu\u00f4i nick, Livestream v\u00f4 t\u01b0. H\u1ed7 tr\u1ee3 \u0111\u01b0\u1ee3c \u0111\u1ebfn 30 m\u00e1y\/ 1 router. <\/span><\/div><\/li>\r\n<\/ul>\r\n<div class=\"html-div xdj266r x11i5rnm x1mh8g0r xexx8yu x4uap5 x18d9i69 xkhd6sd x1e56ztr\"><span class=\"x193iq5w xeuugli x13faqbe x1vvkbs xlh3980 xvmahel x1n0sxbx x6prxxf xvq8zen xo1l8bm xzsf02u\"><span class=\"html-span xdj266r x11i5rnm xat24cr x1mh8g0r xexx8yu x4uap5 x18d9i69 xkhd6sd x1hl2dhg x16tdsg8 x1vvkbs\"><strong class=\"html-strong xdj266r x11i5rnm xat24cr x1mh8g0r xexx8yu x4uap5 x18d9i69 xkhd6sd x1hl2dhg x16tdsg8 x1vvkbs x1s688f\">3. Livestream sll th\u00ec n\u00ean d\u00f9ng proxy g\u00ec v\u1edbi router? <\/strong><\/span><\/span><\/div>\r\n<ul class=\"html-ul xe8uvvx xexx8yu x18d9i69 x11i5rnm x1mh8g0r xnmw4ku x1e56ztr x1xmf6yo x4uap5 x1xfsgkm\">\r\n \t<li class=\"html-li xdj266r x11i5rnm xat24cr x1mh8g0r xexx8yu x4uap5 x18d9i69 xkhd6sd x1n2onr6 xnmw4ku\">\r\n<div class=\"html-div xdj266r x11i5rnm x1mh8g0r xexx8yu x4uap5 x18d9i69 xkhd6sd x1e56ztr\"><span class=\"x193iq5w xeuugli x13faqbe x1vvkbs xlh3980 xvmahel x1n0sxbx x6prxxf xvq8zen xo1l8bm xzsf02u\">Live d\u00f9ng socks5 t\u0129nh \u1ea1. Socks5 static proxy ho\u1eb7c Static residential proxy socks5 \u0111\u1ec1u ok \u1ea1<\/span><\/div><\/li>\r\n<\/ul>\r\n<div class=\"html-div xdj266r x11i5rnm x1mh8g0r xexx8yu x4uap5 x18d9i69 xkhd6sd x1e56ztr\"><span class=\"x193iq5w xeuugli x13faqbe x1vvkbs xlh3980 xvmahel x1n0sxbx x6prxxf xvq8zen xo1l8bm xzsf02u\"><span class=\"html-span xdj266r x11i5rnm xat24cr x1mh8g0r xexx8yu x4uap5 x18d9i69 xkhd6sd x1hl2dhg x16tdsg8 x1vvkbs\"><strong class=\"html-strong xdj266r x11i5rnm xat24cr x1mh8g0r xexx8yu x4uap5 x18d9i69 xkhd6sd x1hl2dhg x16tdsg8 x1vvkbs x1s688f\">4. Router s\u1ebd t\u1ea1o 1 nhi\u1ec1u wifi \u0111\u1ec3 k\u1ebft n\u1ed1i hay 1 wifi? <\/strong><\/span><\/span><\/div>\r\n<ul class=\"html-ul xe8uvvx xexx8yu x18d9i69 x11i5rnm x1mh8g0r xnmw4ku x1e56ztr x1xmf6yo x4uap5 x1xfsgkm\">\r\n \t<li class=\"html-li xdj266r x11i5rnm xat24cr x1mh8g0r xexx8yu x4uap5 x18d9i69 xkhd6sd x1n2onr6 xnmw4ku\">\r\n<div class=\"html-div xdj266r x11i5rnm x1mh8g0r xexx8yu x4uap5 x18d9i69 xkhd6sd x1e56ztr\"><span class=\"x193iq5w xeuugli x13faqbe x1vvkbs xlh3980 xvmahel x1n0sxbx x6prxxf xvq8zen xo1l8bm xzsf02u\">K\u1ebft n\u1ed1i 1 wifi, t\u1ea5t c\u1ea3 k\u1ebft n\u1ed1i v\u00e0o wifi t\u00ean GenRouter<\/span><\/div><\/li>\r\n<\/ul>\r\n<div class=\"html-div xdj266r x11i5rnm x1mh8g0r xexx8yu x4uap5 x18d9i69 xkhd6sd x1e56ztr\"><span class=\"x193iq5w xeuugli x13faqbe x1vvkbs xlh3980 xvmahel x1n0sxbx x6prxxf xvq8zen xo1l8bm xzsf02u\"><span class=\"html-span xdj266r x11i5rnm xat24cr x1mh8g0r xexx8yu x4uap5 x18d9i69 xkhd6sd x1hl2dhg x16tdsg8 x1vvkbs\"><strong class=\"html-strong xdj266r x11i5rnm xat24cr x1mh8g0r xexx8yu x4uap5 x18d9i69 xkhd6sd x1hl2dhg x16tdsg8 x1vvkbs x1s688f\">5. C\u00e1i gen router b\u00ean m\u00ecnh ch\u1ea1y m\u1ea5y LAN v\u1eady \u1ea1? <\/strong><\/span><\/span><\/div>\r\n<ul class=\"html-ul xe8uvvx xexx8yu x18d9i69 x11i5rnm x1mh8g0r xnmw4ku x1e56ztr x1xmf6yo x4uap5 x1xfsgkm\">\r\n \t<li class=\"html-li xdj266r x11i5rnm xat24cr x1mh8g0r xexx8yu x4uap5 x18d9i69 xkhd6sd x1n2onr6 xnmw4ku\">\r\n<div class=\"html-div xdj266r x11i5rnm x1mh8g0r xexx8yu x4uap5 x18d9i69 xkhd6sd x1e56ztr\"><span class=\"x193iq5w xeuugli x13faqbe x1vvkbs xlh3980 xvmahel x1n0sxbx x6prxxf xvq8zen xo1l8bm xzsf02u\">C\u00f3 4 c\u1ed5ng lan. Kh\u00e1ch mu\u1ed1n chia th\u00eam c\u1ed5ng lan c\u00f3 th\u1ec3 mua switch \u1ea1<\/span><\/div><\/li>\r\n<\/ul>\r\n<div id=\"eJOY__extension_root\" class=\"eJOY__extension_root_class\">\r\n<p class=\"p1\">\u2705\u00a0Join ngay nh\u00f3m chat th\u1ea3o lu\u1eadn v\u1ec1 Gen-Router:\u00a0<span class=\"s1\">https:\/\/t.me\/Genrouter<\/span><\/p>\r\n<p class=\"p2\"><span class=\"s2\">\u25b6\ufe0f\u00a0Demo Gen-Router thay \u0111\u1ed5i proxy c\u1ef1c nhanh:\u00a0<\/span>https:\/\/youtu.be\/pCScXeFoYVc?si=0YWPFxa8I0nC6wMM<\/p>\r\n<p class=\"p2\"><span class=\"s2\">\u25b6\ufe0f\u00a0HDSD Gen-Router:\u00a0<\/span>https:\/\/fast-router-proxy.gitbook.io\/fast-router-api-document\/<\/p>\r\n\r\n<\/div>","protected":false},"featured_media":17615,"comment_status":"open","ping_status":"closed","template":"","meta":[],"product_brand":[],"product_cat":[96],"product_tag":[],"class_list":{"0":"post-440","1":"product","2":"type-product","3":"status-publish","4":"has-post-thumbnail","6":"product_cat-box-phone-farm","8":"first","9":"instock","10":"shipping-taxable","11":"purchasable","12":"product-type-simple"},"lang":"vi","translations":{"vi":440,"en":5834,"es":6850,"id":7071},"pll_sync_post":[],"_links":{"self":[{"href":"https:\/\/genfarmer.com\/shop\/wp-json\/wp\/v2\/product\/440","targetHints":{"allow":["GET"]}}],"collection":[{"href":"https:\/\/genfarmer.com\/shop\/wp-json\/wp\/v2\/product"}],"about":[{"href":"https:\/\/genfarmer.com\/shop\/wp-json\/wp\/v2\/types\/product"}],"replies":[{"embeddable":true,"href":"https:\/\/genfarmer.com\/shop\/wp-json\/wp\/v2\/comments?post=440"}],"wp:featuredmedia":[{"embeddable":true,"href":"https:\/\/genfarmer.com\/shop\/wp-json\/wp\/v2\/media\/17615"}],"wp:attachment":[{"href":"https:\/\/genfarmer.com\/shop\/wp-json\/wp\/v2\/media?parent=440"}],"wp:term":[{"taxonomy":"product_brand","embeddable":true,"href":"https:\/\/genfarmer.com\/shop\/wp-json\/wp\/v2\/product_brand?post=440"},{"taxonomy":"product_cat","embeddable":true,"href":"https:\/\/genfarmer.com\/shop\/wp-json\/wp\/v2\/product_cat?post=440"},{"taxonomy":"product_tag","embeddable":true,"href":"https:\/\/genfarmer.com\/shop\/wp-json\/wp\/v2\/product_tag?post=440"}],"curies":[{"name":"wp","href":"https:\/\/api.w.org\/{rel}","templated":true}]}}